{"id":2223,"date":"2024-10-23T08:19:54","date_gmt":"2024-10-23T08:19:54","guid":{"rendered":"https:\/\/js-fotoart.cz\/?page_id=2223"},"modified":"2024-10-23T08:39:36","modified_gmt":"2024-10-23T08:39:36","slug":"obchodni-podminky","status":"publish","type":"page","link":"https:\/\/js-fotoart.cz\/en\/obchodni-podminky\/","title":{"rendered":"Obchodn\u00ed podm\u00ednky"},"content":{"rendered":"<div class=\"wpb-content-wrapper\"><div class=\"vc_row wpb_row vc_row-fluid vc_row-69f5e971bd62b\"><div class=\"wpb_column vc_column_container vc_col-sm-12 vc_row-69f5e971bdbb6\"><div class=\"vc_column-inner\"><div class=\"wpb_wrapper\">\n\t<div class=\"wpb_text_column wpb_content_element\" >\n\t\t<div class=\"wpb_wrapper\">\n\t\t\t<p> <strong>Obchodn\u00ed podm\u00ednky<\/strong> <strong>V\u0161eobecn\u00e9, organiza\u010dn\u00ed a storno podm\u00ednky podnikatele Ji\u0159\u00ed \u0160lemar, I\u010cO: 72234873, s m\u00edstem podnik\u00e1n\u00ed Italsk\u00e1 1202\/12, Praha 2 ve smyslu \u00a7 1751 a n\u00e1sl. z\u00e1kona \u010d. 89\/2012 Sb., ob\u010dansk\u00fd z\u00e1kon\u00edk, v platn\u00e9m zn\u011bn\u00ed.<\/strong><\/p>\n<p><strong>1. Fotograf: Ing. Ji\u0159\u00ed \u0160lemar<\/strong><br \/>\nI\u010cO: 72234873, Italsk\u00e1 1202\/12, Praha 2 \u2013 zapsan\u00fd v \u017eivnostensk\u00e9m rejst\u0159\u00edku, provozovatel port\u00e1lu www.js-fotoart.cz (d\u00e1le jen fotograf) prov\u00e1d\u00ed fotografick\u00e9 slu\u017eby. Osoba, kter\u00e1 vyu\u017e\u00edv\u00e1 slu\u017eeb fotografa je klient (d\u00e1le jen klient).<\/p>\n<p><strong>2. V\u0161eobecn\u00e9 obchodn\u00ed podm\u00ednky<\/strong><br \/>\nUr\u010duj\u00ed \u010d\u00e1st obsahu smlouvy smluvn\u00ed vztah mezi fotografem a klientem, kter\u00e1 nen\u00ed p\u0159\u00edmo ve smlouv\u011b ur\u010dena odli\u0161n\u011b (odchyln\u00e1 ujedn\u00e1n\u00ed ve smlouv\u011b maj\u00ed p\u0159ed zn\u011bn\u00edm obchodn\u00edch podm\u00ednek p\u0159ednost) a jsou pro ob\u011b strany z\u00e1vazn\u00e9.<\/p>\n<p><strong>3. Objedn\u00e1n\u00ed slu\u017eeb<\/strong><br \/>\nSlu\u017eby fotografa lze objednat prost\u0159ednictv\u00edm telefonick\u00e9ho kontaktu, osobn\u00edm kontaktem, emailem nebo pomoc\u00ed zpr\u00e1v na facebooku. Objedn\u00e1vky pomoc\u00ed zpr\u00e1v SMS nejsou p\u0159ij\u00edm\u00e1ny. Objedn\u00e1n\u00edm slu\u017eeb fotografa je automaticky stvrzeno p\u0159ijet\u00ed obchodn\u00edch podm\u00ednek a srozum\u011bn\u00ed s nimi. Objedn\u00e1n\u00edm slu\u017eeb se m\u00e1 zato, \u017ee se klient sezn\u00e1mil s fotografick\u00fdm stylem fotografa a je s n\u00edm srozum\u011bn.<\/p>\n<p><strong>4. Rezerva\u010dn\u00ed poplatek<\/strong><br \/>\nU n\u011bkter\u00fdch typ\u016f focen\u00ed je vy\u017eadov\u00e1n rezerva\u010dn\u00ed poplatek. Bez jeho zaplacen\u00ed nen\u00ed mo\u017eno fotografov\u00e1n\u00ed objednat. Objedn\u00e1n\u00ed a rezervace term\u00ednu se pova\u017euje za z\u00e1vaznou a\u017e slo\u017een\u00edm rezerva\u010dn\u00edho poplatku. Jeho cena se zapo\u010d\u00edt\u00e1v\u00e1 do kone\u010dn\u00e9 ceny focen\u00ed. V p\u0159\u00edpad\u011b, \u017ee dojde ke zru\u0161en\u00ed objedn\u00e1vky z d\u016fvod\u016f dan\u00fdch na stran\u011b fotografa, je fotograf povinen vr\u00e1tit objednateli ve\u0161ker\u00e9 finan\u010dn\u00ed pln\u011bn\u00ed, kter\u00e9 od n\u011bj do t\u00e9 doby obdr\u017eel (tj. rezerva\u010dn\u00ed poplatek) a to nejpozd\u011bji do 7 dn\u016f od ozn\u00e1men\u00ed o zru\u0161en\u00ed objedn\u00e1vky. V p\u0159\u00edpad\u011b zru\u0161en\u00ed objedn\u00e1vky ze strany objednavatele rezerva\u010dn\u00ed poplatek propad\u00e1 ve prosp\u011bch fotografa. Zru\u0161en\u00ed term\u00ednu je t\u0159eba napsat p\u00edsemn\u011b na uvedenou emailovou adresu fotografa. Rezerva\u010dn\u00ed poplatek lze uhradit hotov\u011b \u010di p\u0159evodem na b.\u00fa. fotografa na z\u00e1klad\u011b z\u00e1lohov\u00e9 faktury.<\/p>\n<p><strong>5. Doplatek ceny fotografov\u00e1n\u00ed<\/strong> Doplatek ceny za fotografov\u00e1n\u00ed je splatn\u00fd v hotovosti po ukon\u010den\u00ed fotografov\u00e1n\u00ed nebo p\u0159i p\u0159ed\u00e1n\u00ed hotov\u00e9 zak\u00e1zky, \u010di p\u0159evodem na b.\u00fa. fotografa na z\u00e1klad\u011b vystaven\u00e9 faktury.<\/p>\n<p><strong>6. Lokace fotografov\u00e1n\u00ed<\/strong> Fotografov\u00e1n\u00ed prob\u00edh\u00e1 bu\u010f v ateli\u00e9ru, exteri\u00e9rech nebo v jak\u00e9mkoli jin\u00e9m prost\u0159ed\u00ed, na kter\u00e9m se fotograf a klient dohodl. Vstupy do objekt\u016f a pam\u00e1tek, kde prob\u00edh\u00e1 fotografov\u00e1n\u00ed, se hrad\u00ed zvl\u00e1\u0161\u0165 a jdou v\u017edy na vrub klienta.<\/p>\n<p><strong>7. Pozdn\u00ed p\u0159\u00edchod klienta<\/strong><br \/>\nPozdn\u00ed p\u0159\u00edchod klienta nen\u00ed d\u016fvodem k prodlu\u017eov\u00e1n\u00ed \u010dasov\u00e9ho harmonogramu focen\u00ed. Opozd\u00ed-li se klient o v\u00edce ne\u017e 15 minut s p\u0159\u00edchodem na fotografov\u00e1n\u00ed bez p\u0159edchoz\u00edho upozorn\u011bn\u00ed na email fotografa, je fotograf opr\u00e1vn\u011bn domluven\u00e9 fotografov\u00e1n\u00ed bu\u010f zru\u0161it (p\u0159\u00edpadn\u00e1 zaplacen\u00e1 z\u00e1loha propad\u00e1 bez n\u00e1hrady) nebo po\u017eadovat uhrazen\u00ed 1500 K\u010d za ka\u017edou zapo\u010datou hodinu \u010dek\u00e1n\u00ed na klient\u016fv p\u0159\u00edchod. Pokud je na m\u00edst\u011b i viz\u00e1\u017eista a \u010dek\u00e1 na klient\u016fv p\u0159\u00edchod spolu s fotografem, je fotograf opr\u00e1vn\u011bn po\u017eadovat uhrazen\u00ed dvojn\u00e1sobku t\u00e9to \u010d\u00e1stky.<\/p>\n<p><strong>8. V\u00fdb\u011br fotografi\u00ed<\/strong><br \/>\nFotografie z ateli\u00e9ru a exteri\u00e9ru jsou k v\u00fdb\u011bru zas\u00edl\u00e1ny prost\u0159ednictv\u00edm internetov\u00e9 galerie. P\u0159\u00edstup ke galerii je zaji\u0161t\u011bn heslem, kter\u00e9 je klientovi zasl\u00e1no v informa\u010dn\u00edm mailu do 14 dn\u016f od fotografov\u00e1n\u00ed. Po\u010det fotografi\u00ed, kter\u00e9 jsou zasl\u00e1ny k v\u00fdb\u011bru, je zcela v kompetenci fotografa. V\u017edy v\u0161ak zaru\u010duje mo\u017enost dostate\u010dn\u00e9ho a kvalitn\u00edho v\u00fdb\u011bru. Fotograf neru\u010d\u00ed za spolupr\u00e1ci fotografovan\u00fdch osob nebo dom\u00e1c\u00edch mazl\u00ed\u010dk\u016f a pokud se nepoda\u0159\u00ed v r\u00e1mci \u010dasov\u00e9 dotace nafotit dostatek kvalitn\u00edch fotografi\u00ed nenese fotograf odpov\u011bdnost. V\u011bt\u0161\u00ed po\u010det fotografi\u00ed zaslan\u00fdch k v\u00fdb\u011bru nelze \u017e\u00e1dn\u00fdm zp\u016fsobem vym\u00e1hat ani odvozovat od d\u00e9lky \u010di n\u00e1ro\u010dnosti focen\u00ed. Neupraven\u00e9 fotografie ur\u010den\u00e9 k v\u00fdb\u011bru z ateli\u00e9rov\u00fdch, interi\u00e9rov\u00fdch a exteri\u00e9rov\u00fdch fotografov\u00e1n\u00ed jsou uchov\u00e1v\u00e1ny po dobu maxim\u00e1ln\u011b t\u0159\u00ed m\u011bs\u00edc\u016f. Po uplynut\u00ed t\u00e9to lh\u016fty, b\u011bhem kter\u00e9 fotograf neobdr\u017e\u00ed pokyny k v\u00fdb\u011bru fotografi\u00ed, je zak\u00e1zka pova\u017eov\u00e1na za nerealizovanou a fotografie smaz\u00e1ny z disku i z galerie.<\/p>\n<p><strong>9. Retu\u0161, \u00faprava a vzhled fotografi\u00ed<\/strong><br \/>\nV\u0161echny odevzd\u00e1van\u00e9 fotografie jsou upraven\u00e9 dle uv\u00e1\u017een\u00ed fotografa.Detailn\u00ed retu\u0161 (odstran\u011bn\u00ed drobn\u00fdch ko\u017en\u00edch nedostatk\u016f, vr\u00e1sek apod.) se prov\u00e1d\u00ed v\u00fdhradn\u011b u fotografi\u00ed z ateli\u00e9rov\u00e9ho focen\u00ed. U jin\u00fdch typ\u016f focen\u00ed se prov\u00e1d\u00ed pouze po dohod\u011b s fotografem a hrad\u00ed se samostatn\u011b nad r\u00e1mec dohodnut\u00e9 ceny zak\u00e1zky.<\/p>\n<p><strong>10. Form\u00e1t fotografi\u00ed<\/strong><br \/>\nFotografie jsou odevzd\u00e1v\u00e1ny v\u00fdhradn\u011b ve form\u00e1tu JPG v pln\u00e9m rozli\u0161en\u00ed pro tisk.<\/p>\n<p><strong>11. Reklamace<\/strong> Digit\u00e1ln\u00ed soubory jsou vyvol\u00e1v\u00e1ny u ov\u011b\u0159en\u00fdch dodavatel\u016f, jejich\u017e za\u0159\u00edzen\u00ed barevn\u011b souhlas\u00ed s nastaven\u00edm fotografova kalibrovan\u00e9ho monitoru. Reklamace tisku fotografi\u00ed je tedy mo\u017en\u00e1 pouze na z\u00e1klad\u011b viditeln\u00e9 tiskov\u00e9 chyby jako jsou \u0161kr\u00e1bance, pruhy atp. ne v barevnosti \u010di sv\u011btlosti\/tmavosti dan\u00e9ho tisku. Vlastn\u00ed vzhled klienta a jeho nespokojenost s n\u00edm nen\u00ed d\u016fvod k reklamaci digit\u00e1ln\u00edch soubor\u016f ani ti\u0161t\u011bn\u00fdch fotografi\u00ed. Reklamace pr\u00e1ce viz\u00e1\u017eistky je mo\u017en\u00e1 pouze p\u0159ed za\u010d\u00e1tkem fotografov\u00e1n\u00ed nebo v jeho pr\u016fb\u011bhu, nikoli v\u0161ak po jeho skon\u010den\u00ed. M\u00edra retu\u0161e a jin\u00fdch \u00faprav vzhledu digit\u00e1ln\u00edch soubor\u016f a ti\u0161t\u011bn\u00fdch fotografi\u00ed je um\u011bleck\u00fdm vyj\u00e1d\u0159en\u00edm fotografa a nen\u00ed d\u016fvodem k reklamaci.<\/p>\n<p><strong>12. Autorsk\u00e1 pr\u00e1va<\/strong><br \/>\nN\u00e1hledy fotografi\u00ed z galerie nen\u00ed dovoleno kdekoli zve\u0159ej\u0148ovat a ani je d\u00e1le upravovat (nap\u0159. odstran\u011bn\u00edm loga) dle autorsk\u00e9ho z\u00e1kona \u010d.121\/2000 sb. bez souhlasu fotografa. V\u0161echny fotografie jsou p\u0159edm\u011btem autorsk\u00e9ho pr\u00e1va a majetkem fotografa a nesm\u00ed byt pou\u017eity pro jak\u00fdkoli komer\u010dn\u00ed \u00fa\u010del, propagaci \u010di prodej t\u0159et\u00ed stran\u011b bez souhlasu autora.<\/p>\n<p><strong>13. Souhlas poskytnut\u00edm fotografi\u00ed<\/strong><br \/>\nFotograf si vyhrazuje pr\u00e1vo ke zve\u0159ejn\u011bn\u00ed fotografi\u00ed do sv\u00e9ho portfolia v elektronick\u00e9 i ti\u0161t\u011bn\u00e9 podob\u011b, na soci\u00e1ln\u00edch s\u00edt\u00edch a jin\u00fdch m\u00e9di\u00edch dle uv\u00e1\u017een\u00ed fotografa. Pokud si klient nep\u0159eje, aby jeho fotografie byly zve\u0159ejn\u011bny, je nutn\u00e9 o tom informovat fotografa p\u00edsemn\u011b nebo emailem p\u0159edem p\u0159ed za\u010d\u00e1tkem focen\u00ed. Pokud tak klient neu\u010din\u00ed, znamen\u00e1 to jeho souhlas se zve\u0159ejn\u011bn\u00edm. Ve\u0161ker\u00e9 osobn\u00ed \u00fadaje, kter\u00e9 budou poskytnuty (jm\u00e9no, email, telefonn\u00ed \u010d\u00edslo\u2026) a jsou nutn\u00e9 pro pln\u011bn\u00ed smluvn\u00edho vztahu, budu zpracov\u00e1vat po dobu 10 let ve smyslu z\u00e1kona \u010d.101\/2000 Sb., o ochran\u011b osobn\u00edch \u00fadaj\u016f.<\/p>\n<p><strong>14. Cena za fotografov\u00e1n\u00ed<\/strong><br \/>\nCena konkr\u00e9tn\u00edch typ\u016f fotografov\u00e1n\u00ed je uvedena u informac\u00ed o nab\u00edzen\u00e9 slu\u017eb\u011b nebo v cen\u00edku na webov\u00fdch str\u00e1nk\u00e1ch autora. Pokud tomu tak nen\u00ed, cena se sjedn\u00e1v\u00e1 individu\u00e1ln\u011b.<\/p>\n<p><strong>15. P\u0159ed\u00e1n\u00ed zak\u00e1zky<\/strong><br \/>\nZak\u00e1zky je mo\u017en\u00e9 si vyzvednout bu\u010f osobn\u011b v na adrese ateli\u00e9ru v p\u0159edem dohodnut\u00e9m \u010dase nebo je mo\u017en\u00e9 je zaslat \u010ceskou po\u0161tou nebo jinou spedi\u010dn\u00ed slu\u017ebou. Po\u0161tovn\u00e9 u z\u00e1silek do rozm\u011bru 20x30x5cm je 150 K\u010d. U z\u00e1silek v\u011bt\u0161\u00edch rozm\u011br\u016f dle dohody. Zak\u00e1zky bez ti\u0161t\u011bn\u00fdch produkt\u016f se p\u0159ed\u00e1vaj\u00ed v\u00fdhradn\u011b elektronicky (odkaz na sta\u017een\u00ed z internetov\u00e9 galerie) s vyu\u017eit\u00edm slu\u017eeb t\u0159et\u00edch stran k tomuto \u00fa\u010delu ur\u010den\u00fdch. Tyto obchodn\u00ed podm\u00ednky jsou platn\u00e9 od 1.1.2020<\/p>\n\n\t\t<\/div>\n\t<\/div>\n<\/div><\/div><\/div><\/div>\n<\/div>","protected":false},"excerpt":{"rendered":"Obchodn\u00ed podm\u00ednky V\u0161eobecn\u00e9, organiza\u010dn\u00ed a storno podm\u00ednky podnikatele Ji\u0159\u00ed \u0160lemar, I\u010cO: 72234873, s m\u00edstem podnik\u00e1n\u00ed Italsk\u00e1 1202\/12, Praha 2 ve smyslu \u00a7 1751 a n\u00e1sl. z\u00e1kona \u010d. 89\/2012 Sb., ob\u010dansk\u00fd z\u00e1kon\u00edk, v platn\u00e9m zn\u011bn\u00ed. 1. Fotograf: Ing. Ji\u0159\u00ed \u0160lemar I\u010cO: 72234873, Italsk\u00e1 1202\/12, Praha 2 \u2013 zapsan\u00fd v \u017eivnostensk\u00e9m rejst\u0159\u00edku, provozovatel port\u00e1lu www.js-fotoart.cz (d\u00e1le jen [...]","protected":false},"author":1,"featured_media":0,"parent":0,"menu_order":0,"comment_status":"closed","ping_status":"closed","template":"","meta":{"_acf_changed":false,"footnotes":""},"class_list":["post-2223","page","type-page","status-publish","hentry"],"acf":[],"_links":{"self":[{"href":"https:\/\/js-fotoart.cz\/en\/wp-json\/wp\/v2\/pages\/2223"}],"collection":[{"href":"https:\/\/js-fotoart.cz\/en\/wp-json\/wp\/v2\/pages"}],"about":[{"href":"https:\/\/js-fotoart.cz\/en\/wp-json\/wp\/v2\/types\/page"}],"author":[{"embeddable":true,"href":"https:\/\/js-fotoart.cz\/en\/wp-json\/wp\/v2\/users\/1"}],"replies":[{"embeddable":true,"href":"https:\/\/js-fotoart.cz\/en\/wp-json\/wp\/v2\/comments?post=2223"}],"version-history":[{"count":0,"href":"https:\/\/js-fotoart.cz\/en\/wp-json\/wp\/v2\/pages\/2223\/revisions"}],"wp:attachment":[{"href":"https:\/\/js-fotoart.cz\/en\/wp-json\/wp\/v2\/media?parent=2223"}],"curies":[{"name":"wp","href":"https:\/\/api.w.org\/{rel}","templated":true}]}}