{"id":168,"date":"2012-02-28T07:36:52","date_gmt":"2012-02-28T07:36:52","guid":{"rendered":"https:\/\/js-fotoart.cz\/?page_id=168"},"modified":"2020-09-28T20:16:42","modified_gmt":"2020-09-28T20:16:42","slug":"cenik-tisk-ramy","status":"publish","type":"page","link":"https:\/\/js-fotoart.cz\/en\/ceniky\/cenik-tisk-ramy\/","title":{"rendered":"PRICE LIST &amp; FRAMES"},"content":{"rendered":"<p><strong>PRICE LIST PRESS, DVD, PICTURES AND FRAMES<\/strong><\/p>\n<p>We print on paper gloss 190g, satin 240g, extra-gloss 255g, photo paper 260g and painting canvas 340g. Maximum print width 1500 mm \/ Resolution 2400 x 1200 dpi.<\/p>\n<p>For large format printing, prepress and graphic adjustment are already included in the price.<\/p>\n<p>&nbsp;<\/p>\n<p><strong> <\/strong><\/p>\n<p><strong> <\/strong><\/p>\n<p><strong>PRICE LIST OF ENLARGED PHOTOS<\/strong><\/p>\n<p><strong> <\/strong><\/p>\n<table border=\"0\" cellspacing=\"0\" cellpadding=\"0\" width=\"329\">\n<tbody>\n<tr>\n<td width=\"210\"><strong>dimensions (cm)<\/strong><strong> <\/strong><\/td>\n<td><strong>price (CZK)<\/strong><strong> <\/strong><\/td>\n<\/tr>\n<tr>\n<td width=\"200\"><strong>9 x 13 <\/strong><\/td>\n<td><strong>8,- <\/strong><\/td>\n<\/tr>\n<tr>\n<td width=\"200\"><strong>10 x 15 <\/strong><\/td>\n<td><strong>10,- <\/strong><\/td>\n<\/tr>\n<tr>\n<td width=\"200\"><strong>13 x 19<\/strong><\/td>\n<td><strong>15,- <\/strong><\/td>\n<\/tr>\n<tr>\n<td width=\"200\"><strong>15 x 23<\/strong><\/td>\n<td><strong>18,- <\/strong><\/td>\n<\/tr>\n<tr>\n<td width=\"200\"><strong>18 x 27 <\/strong><\/td>\n<td><strong>32,- <\/strong><\/td>\n<\/tr>\n<tr>\n<td width=\"200\"><strong>21 x 30 <\/strong><\/td>\n<td><strong>69,- <\/strong><\/td>\n<\/tr>\n<tr>\n<td width=\"200\"><strong>24 x 30 <\/strong><\/td>\n<td><strong>74,- <\/strong><\/td>\n<\/tr>\n<tr>\n<td width=\"200\"><strong>30 x 40 <\/strong><\/td>\n<td><strong>114,- <\/strong><\/td>\n<\/tr>\n<tr>\n<td width=\"200\"><strong>30 x 45 <\/strong><\/td>\n<td><strong>118,- <\/strong><\/td>\n<\/tr>\n<\/tbody>\n<\/table>\n<p>&nbsp;<\/p>\n<p><strong> <\/strong><\/p>\n<p><strong>PRICE LIST FOR PHOTO \/ INKJET<\/strong><\/p>\n<p><strong> <\/strong><\/p>\n<table border=\"0\" cellspacing=\"0\" cellpadding=\"0\" width=\"331\">\n<tbody>\n<tr>\n<td width=\"210\"><strong>dimensions (cm)<\/strong><strong> <\/strong><\/td>\n<td><strong>price (CZK)<\/strong><strong> <\/strong><\/td>\n<\/tr>\n<tr>\n<td width=\"171\"><strong>40 x 50 <\/strong><\/td>\n<td><strong>350,-<\/strong><\/td>\n<\/tr>\n<tr>\n<td width=\"171\"><strong>50 x 60 <\/strong><\/td>\n<td><strong>550,-<\/strong><\/td>\n<\/tr>\n<tr>\n<td width=\"171\"><strong>50 x 70 <\/strong><\/td>\n<td><strong>650,-<\/strong><\/td>\n<\/tr>\n<tr>\n<td width=\"171\"><strong>70 x 100 <\/strong><\/td>\n<td><strong>1 300,-<\/strong><\/td>\n<\/tr>\n<tr>\n<td width=\"171\"><strong>100 x 100 <\/strong><\/td>\n<td><strong>1 800,-<\/strong><\/td>\n<\/tr>\n<tr>\n<td width=\"171\"><strong>100 x 150 <\/strong><\/td>\n<td><strong>2 800,-<\/strong><\/td>\n<\/tr>\n<tr>\n<td width=\"171\"><strong>100 x 300 <\/strong><\/td>\n<td><strong>5 300,-<\/strong><\/td>\n<\/tr>\n<tr>\n<td width=\"171\"><strong> <\/strong><\/td>\n<td><strong> <\/strong><\/td>\n<\/tr>\n<\/tbody>\n<\/table>\n<p><strong> <\/strong><\/p>\n<p><strong>PRICE LIST PICTURE \/ CAP<\/strong><\/p>\n<p><strong> <\/strong><\/p>\n<table border=\"0\" cellspacing=\"0\" cellpadding=\"0\" width=\"329\">\n<tbody>\n<tr>\n<td width=\"210\"><strong>dimensions (cm)<\/strong><strong> <\/strong><\/td>\n<td><strong>price (CZK)<\/strong><strong> <\/strong><\/td>\n<\/tr>\n<tr>\n<td width=\"170\"><strong>40 x 50 <\/strong><\/td>\n<td><strong>660,-<\/strong><\/td>\n<\/tr>\n<tr>\n<td width=\"170\"><strong>50 x 60 <\/strong><\/td>\n<td><strong>990,-<\/strong><\/td>\n<\/tr>\n<tr>\n<td width=\"170\"><strong>60 x 90<\/strong><\/td>\n<td><strong>1800,-<\/strong><\/td>\n<\/tr>\n<tr>\n<td width=\"170\"><strong>70 x 100 <\/strong><\/td>\n<td><strong>2310,-<\/strong><\/td>\n<\/tr>\n<tr>\n<td width=\"170\"><strong>100 x 100 <\/strong><\/td>\n<td><strong>3200,-<\/strong><\/td>\n<\/tr>\n<tr>\n<td width=\"170\"><strong>100 x 150 <\/strong><\/td>\n<td><strong>4900,-<\/strong><\/td>\n<\/tr>\n<tr>\n<td width=\"170\"><strong>100 x 300 <\/strong><\/td>\n<td><strong>7900,-<\/strong><\/td>\n<\/tr>\n<\/tbody>\n<\/table>\n<p><strong> <\/strong><\/p>\n<p><strong> <\/strong><\/p>\n<p><strong>CANVAS \/ FRAME PRINT PRICE LIST<\/strong><\/p>\n<p><strong> <\/strong><\/p>\n<table border=\"0\" cellspacing=\"0\" cellpadding=\"0\" width=\"329\">\n<tbody>\n<tr>\n<td width=\"210\"><strong>dimensions (cm)<\/strong><strong> <\/strong><\/td>\n<td><strong>price (CZK)<\/strong><strong> <\/strong><\/td>\n<\/tr>\n<tr>\n<td width=\"170\"><strong>40 x 50 <\/strong><\/td>\n<td><strong>900,-<\/strong><\/td>\n<\/tr>\n<tr>\n<td width=\"170\"><strong>50 x 60 <\/strong><\/td>\n<td><strong>1100,-<\/strong><\/td>\n<\/tr>\n<tr>\n<td width=\"170\"><strong>60 x 90<\/strong><\/td>\n<td><strong>1850,-<\/strong><\/td>\n<\/tr>\n<tr>\n<td width=\"170\"><strong>70 x 100 <\/strong><\/td>\n<td><strong>2500,-<\/strong><\/td>\n<\/tr>\n<tr>\n<td width=\"170\"><strong>100 x 100 <\/strong><\/td>\n<td><strong>2950,-<\/strong><\/td>\n<\/tr>\n<tr>\n<td width=\"170\"><strong>100 x 150 <\/strong><\/td>\n<td><strong>4300,-<\/strong><\/td>\n<\/tr>\n<tr>\n<td width=\"170\"><strong>100 x 300 <\/strong><\/td>\n<td><strong>9900,-<\/strong><\/td>\n<\/tr>\n<\/tbody>\n<\/table>\n<p><strong> <\/strong><\/p>\n<p><strong> <\/strong><\/p>\n<p><strong>DVD WITH PRINT AND COVER <\/strong><\/p>\n<p><strong> <\/strong><\/p>\n<table border=\"0\" cellspacing=\"0\" cellpadding=\"0\" width=\"329\">\n<tbody>\n<tr>\n<td width=\"210\"><strong>number <\/strong><strong> <\/strong><\/td>\n<td><strong>price (CZK)<\/strong><strong> <\/strong><\/td>\n<\/tr>\n<tr>\n<td width=\"170\"><strong>1-10<\/strong><\/td>\n<td><strong>150,-<\/strong><\/td>\n<\/tr>\n<tr>\n<td width=\"170\"><strong>11-50 <\/strong><\/td>\n<td><strong>125,-<\/strong><\/td>\n<\/tr>\n<tr>\n<td width=\"170\"><strong>51-100 <\/strong><\/td>\n<td><strong>100,-<\/strong><\/td>\n<\/tr>\n<\/tbody>\n<\/table>\n<p><strong>FRAMES AND FRAMING SERVICES<\/strong><\/p>\n<p><strong> <\/strong><\/p>\n<p>We offer a complete range of NIELSEN frames and mounts. In our graphic studio we have an almost complete sample book of both aluminum and wooden profiles of this professional brand.<\/p>","protected":false},"excerpt":{"rendered":"<p>CEN\u00cdK TISK, DVD, OBRAZY A R\u00c1MY Tiskneme na pap\u00edr lesk 190g, sat\u00e9n 240g, extraleskl\u00fd 255g, fotografick\u00fd pap\u00edr 260g a mal\u00ed\u0159sk\u00e9 pl\u00e1tno 340g. Maxim\u00e1ln\u00ed \u0161\u00ed\u0159e tisku 1500 mm \/ Rozli\u0161en\u00ed 2400 x 1200 dpi. U velkoform\u00e1tov\u00e9ho tisku je ji\u017e v\u00a0cen\u011b p\u0159edtiskov\u00e1 p\u0159\u00edprava a grafick\u00e1 adjustace. &nbsp; CEN\u00cdK ZV\u011aT\u0160OVAN\u00ddCH FOTOGRAFI\u00cd rozm\u011bry \/ dimensions (cm) cena \/ price [&hellip;]<\/p>\n","protected":false},"author":2,"featured_media":0,"parent":1518,"menu_order":9,"comment_status":"closed","ping_status":"open","template":"","meta":{"_acf_changed":false,"footnotes":""},"class_list":["post-168","page","type-page","status-publish","hentry"],"acf":[],"_links":{"self":[{"href":"https:\/\/js-fotoart.cz\/en\/wp-json\/wp\/v2\/pages\/168"}],"collection":[{"href":"https:\/\/js-fotoart.cz\/en\/wp-json\/wp\/v2\/pages"}],"about":[{"href":"https:\/\/js-fotoart.cz\/en\/wp-json\/wp\/v2\/types\/page"}],"author":[{"embeddable":true,"href":"https:\/\/js-fotoart.cz\/en\/wp-json\/wp\/v2\/users\/2"}],"replies":[{"embeddable":true,"href":"https:\/\/js-fotoart.cz\/en\/wp-json\/wp\/v2\/comments?post=168"}],"version-history":[{"count":0,"href":"https:\/\/js-fotoart.cz\/en\/wp-json\/wp\/v2\/pages\/168\/revisions"}],"up":[{"embeddable":true,"href":"https:\/\/js-fotoart.cz\/en\/wp-json\/wp\/v2\/pages\/1518"}],"wp:attachment":[{"href":"https:\/\/js-fotoart.cz\/en\/wp-json\/wp\/v2\/media?parent=168"}],"curies":[{"name":"wp","href":"https:\/\/api.w.org\/{rel}","templated":true}]}}